{"id":276,"date":"2026-01-01T16:24:11","date_gmt":"2026-01-01T16:24:11","guid":{"rendered":"https:\/\/www.lovenie.fr\/accueil\/"},"modified":"2026-01-22T15:53:03","modified_gmt":"2026-01-22T15:53:03","slug":"accueil","status":"publish","type":"page","link":"https:\/\/www.lovenie.fr\/en\/","title":{"rendered":"Accueil"},"content":{"rendered":"<div class=\"wpb-content-wrapper\"><p>[vc_row full_width=&#8221;stretch_row&#8221; css=&#8221;.vc_custom_1698226757638{margin-top: 60px !important;}&#8221;][vc_column][vc_row_inner equal_height=&#8221;yes&#8221; content_placement=&#8221;middle&#8221;][vc_column_inner width=&#8221;1\/2&#8243;][vc_images_carousel images=&#8221;6995,6796,6772&#8243; img_size=&#8221;full&#8221; css=&#8221;&#8221;][\/vc_column_inner][vc_column_inner width=&#8221;1\/2&#8243;][vc_column_text css=&#8221;&#8221;]<\/p>\n<h2><strong>2026, une ann\u00e9e de transformation pour Lovenie<\/strong><\/h2>\n<p>Chez Lovenie, 2026 marque un tournant important. Non pas une rupture, mais une <strong>\u00e9volution assum\u00e9e<\/strong>, guid\u00e9e par la r\u00e9alit\u00e9 du terrain, l\u2019exp\u00e9rience accumul\u00e9e et une vision plus mature de l\u2019innovation.<\/p>\n<p>Depuis la cr\u00e9ation de la soci\u00e9t\u00e9, notre moteur reste le m\u00eame : <strong>imaginer de nouveaux objets de mobilit\u00e9<\/strong>, plus exp\u00e9rientiels, plus d\u00e9sirables, plus coh\u00e9rents avec leur usage r\u00e9el.<\/p>\n<p><strong>Repenser le karting sur piste : un nouveau concept en gestation<\/strong><\/p>\n<p>Cette ann\u00e9e, Lovenie engage un travail de fond sur <strong>un nouveau concept de karting sur piste<\/strong>. Un projet pens\u00e9 non pas comme un simple v\u00e9hicule, mais comme une <strong>exp\u00e9rience globale<\/strong> : design, posture de conduite, sensations, identit\u00e9 visuelle, relation au pilote.<\/p>\n<p>Nous prenons volontairement le temps de <strong>revenir aux fondamentaux<\/strong> :<\/p>\n<ul>\n<li>\u00c0 quoi doit ressembler le karting de demain ?<\/li>\n<li>Quelle place pour le design dans une discipline historiquement tr\u00e8s codifi\u00e9e ?<\/li>\n<li>Comment proposer quelque chose de diff\u00e9rent, sans trahir l\u2019ADN du karting ?<\/li>\n<\/ul>\n<p>Ce travail se fait \u00e0 l\u2019atelier, au contact du r\u00e9el, des contraintes m\u00e9caniques, des usages, et surtout\u2026 du plaisir de pilotage.[\/vc_column_text][\/vc_column_inner][\/vc_row_inner][\/vc_column][\/vc_row][vc_row full_width=&#8221;stretch_row&#8221; equal_height=&#8221;yes&#8221; content_placement=&#8221;middle&#8221; css=&#8221;.vc_custom_1698229209362{background-color: #0b0b0b !important;}&#8221;][vc_column][vc_row_inner content_placement=&#8221;middle&#8221; el_class=&#8221;img-class-icon&#8221;][vc_column_inner width=&#8221;1\/5&#8243;][vc_single_image image=&#8221;6842&#8243; img_size=&#8221;100&#215;100&#8243; alignment=&#8221;center&#8221; el_class=&#8221;img-class-icon&#8221;][vc_column_text]<\/p>\n<h3 style=\"text-align: center;\">Innovation<\/h3>\n<p>[\/vc_column_text][\/vc_column_inner][vc_column_inner width=&#8221;1\/5&#8243;][vc_single_image image=&#8221;380&#8243; img_size=&#8221;100&#215;100&#8243; alignment=&#8221;center&#8221;][vc_column_text]<\/p>\n<h3 style=\"text-align: center;\">Loisir<\/h3>\n<p>[\/vc_column_text][\/vc_column_inner][vc_column_inner width=&#8221;1\/5&#8243;][vc_single_image image=&#8221;367&#8243; img_size=&#8221;100&#215;100&#8243; alignment=&#8221;center&#8221;][vc_column_text]<\/p>\n<h3 style=\"text-align: center;\">Green<\/h3>\n<p>[\/vc_column_text][\/vc_column_inner][vc_column_inner width=&#8221;1\/5&#8243;][vc_single_image image=&#8221;371&#8243; img_size=&#8221;100&#215;100&#8243; alignment=&#8221;center&#8221;][vc_column_text]<\/p>\n<h3 style=\"text-align: center;\">Sport<\/h3>\n<p>[\/vc_column_text][\/vc_column_inner][vc_column_inner width=&#8221;1\/5&#8243;][vc_single_image image=&#8221;374&#8243; img_size=&#8221;100&#215;100&#8243; alignment=&#8221;center&#8221;][vc_column_text]<\/p>\n<h3 style=\"text-align: center;\">Business<\/h3>\n<p>[\/vc_column_text][\/vc_column_inner][\/vc_row_inner][\/vc_column][\/vc_row][vc_row equal_height=&#8221;yes&#8221; el_class=&#8221;class-bg-stylle&#8221; el_id=&#8221;le-concept&#8221; css=&#8221;.vc_custom_1698227341892{margin-top: 20px !important;}&#8221;][vc_column width=&#8221;1\/3&#8243; css=&#8221;.vc_custom_1698222283455{background-position: 0 0 !important;background-repeat: no-repeat !important;}&#8221;][vc_single_image image=&#8221;7062&#8243; img_size=&#8221;full&#8221; css=&#8221;&#8221;][\/vc_column][vc_column width=&#8221;2\/3&#8243;][vc_column_text css=&#8221;&#8221;]<\/p>\n<h2><strong>Cross Kart : une nouvelle marque se dessine<\/strong><\/h2>\n<p>Enfin, 2026 voit appara\u00eetre les premi\u00e8res lignes d\u2019un nouveau nom : <strong>Cross Kart<\/strong>. Encore en phase d\u2019\u00e9bauche, Cross Kart porte une ambition claire :<\/p>\n<ul>\n<li>un karting plus brut,<\/li>\n<li>plus visuel,<\/li>\n<li>plus engag\u00e9,<\/li>\n<li>pens\u00e9 pour sortir du cadre classique de la piste lisse.<\/li>\n<\/ul>\n<p>Une marque en devenir, qui incarne une autre facette de Lovenie : celle du <strong>terrain<\/strong>, de la mati\u00e8re, de l\u2019angle, du d\u00e9vers, de la glisse, de l\u2019impact visuel.<\/p>\n<p><strong>Construire juste, plut\u00f4t que construire vite<\/strong><\/p>\n<p>Chez Lovenie, nous avan\u00e7ons avec une conviction renforc\u00e9e : <strong>un bon projet est un projet qui accepte de m\u00fbrir.<\/strong><\/p>\n<p>2026 n\u2019est pas une ann\u00e9e d\u2019annonces spectaculaires. C\u2019est une ann\u00e9e de <strong>structuration<\/strong>, de choix, de fondations. Et c\u2019est souvent l\u00e0 que se joue l\u2019avenir.<\/p>\n<p>La suite arrive. Pas \u00e0 pas. Et toujours avec la m\u00eame exigence.[\/vc_column_text][vc_row_inner css=&#8221;.vc_custom_1698222610759{margin-top: -20px !important;}&#8221;][vc_column_inner width=&#8221;1\/2&#8243;][vc_single_image image=&#8221;7064&#8243; img_size=&#8221;full&#8221; css=&#8221;&#8221;][\/vc_column_inner][vc_column_inner width=&#8221;1\/2&#8243;][vc_single_image image=&#8221;7054&#8243; img_size=&#8221;full&#8221; css=&#8221;&#8221;][\/vc_column_inner][\/vc_row_inner][\/vc_column][\/vc_row][vc_row full_width=&#8221;stretch_row&#8221; css=&#8221;.vc_custom_1698227186868{background-color: #0b0b0b !important;}&#8221; el_class=&#8221;dark&#8221; el_id=&#8221;equipe&#8221;][vc_column][vc_column_text css=&#8221;&#8221;]<\/p>\n<p class=\"isSelectedEnd\">Lovenie, c\u2019est avant tout une aventure humaine fond\u00e9e sur des relations professionnelles fortes, durables et sinc\u00e8res. Des relations construites dans le temps, nourries par la confiance, le respect des savoir-faire et le plaisir de cr\u00e9er ensemble.<\/p>\n<p class=\"isSelectedEnd\">La cr\u00e9ation et le d\u00e9veloppement des concepts Lovenie reposent sur une \u00e9quipe aux profils multiples, unie par une m\u00eame vision : celle d\u2019un design porteur de sens, d\u2019\u00e9motion et d\u2019imaginaire. Communicants, designers et fabricants travaillent main dans la main, avec les pieds solidement ancr\u00e9s dans la r\u00e9alit\u00e9 des contraintes techniques, industrielles et \u00e9conomiques, et la t\u00eate r\u00e9solument tourn\u00e9e vers l\u2019exploration, l\u2019innovation et le r\u00eave.<\/p>\n<p class=\"isSelectedEnd\">Chaque projet Lovenie est un voyage. Les id\u00e9es naissent d\u2019une intuition, se nourrissent d\u2019\u00e9changes, de regards crois\u00e9s et d\u2019inspirations venues d\u2019ailleurs. Elles prennent forme en France, s\u2019enrichissent au contact des cultures europ\u00e9ennes, puis s\u2019affinent et se concr\u00e9tisent en Asie, au fil des rencontres et des collaborations. Cette dimension internationale est au c\u0153ur de l\u2019ADN de Lovenie : elle ouvre les perspectives, stimule la cr\u00e9ativit\u00e9 et permet de d\u00e9passer les fronti\u00e8res, autant g\u00e9ographiques que culturelles.<\/p>\n<p>Entre rigueur et libert\u00e9, ma\u00eetrise et audace, Lovenie cultive cet \u00e9quilibre fragile o\u00f9 le r\u00e9el rencontre l\u2019imaginaire. C\u2019est dans cet espace, entre savoir-faire et r\u00eaverie, que prennent vie des concepts singuliers, port\u00e9s par une vision globale et une sensibilit\u00e9 profond\u00e9ment contemporaine.[\/vc_column_text][\/vc_column][\/vc_row][vc_row full_width=&#8221;stretch_row&#8221; content_placement=&#8221;middle&#8221; css=&#8221;.vc_custom_1698227429679{background-color: #f9c80e !important;}&#8221; el_id=&#8221;investir&#8221;][vc_column width=&#8221;1\/2&#8243;][vc_column_text css=&#8221;&#8221;]<\/p>\n<h2>Lovenie c\u2019est quoi ? Des karts ludiques et in\u00e9dits<\/h2>\n<p class=\"isSelectedEnd\"><strong>Lovenie<\/strong> est une marque sp\u00e9cialis\u00e9e dans la pr\u00e9paration et l\u2019optimisation de kartings, n\u00e9e d\u2019une exigence simple :<br \/>\nfaire mieux, plus juste, plus propre.<\/p>\n<p class=\"isSelectedEnd\">Chez Lovenie, la performance ne se proclame pas, elle se construit.<br \/>\nChaque machine est abord\u00e9e comme un ensemble coh\u00e9rent o\u00f9 la m\u00e9canique, les r\u00e9glages et la fiabilit\u00e9 doivent dialoguer parfaitement. Rien n\u2019est laiss\u00e9 au hasard, rien n\u2019est superflu.<\/p>\n<p class=\"isSelectedEnd\">Lovenie privil\u00e9gie une approche rigoureuse et m\u00e9thodique, orient\u00e9e vers l\u2019efficacit\u00e9 r\u00e9elle en piste.<br \/>\nPas de d\u00e9monstration inutile, pas d\u2019artifice visuel : seulement la pr\u00e9cision du travail bien fait.<\/p>\n<p class=\"isSelectedEnd\">Pens\u00e9e comme un <strong>label de savoir-faire<\/strong>, Lovenie s\u2019adresse aux pilotes et aux \u00e9quipes qui recherchent une pr\u00e9paration s\u00e9rieuse, discr\u00e8te et performante.<br \/>\nUne signature technique reconnaissable, port\u00e9e par une esth\u00e9tique sobre et une culture racing assum\u00e9e.<\/p>\n<p><strong>Lovenie<\/strong> :<br \/>\nla performance, sans compromis.[\/vc_column_text][\/vc_column][\/vc_row][vc_row][vc_column][vc_btn title=&#8221;T\u00e9l\u00e9charger notre dernier communiqu\u00e9 de presse&#8221; style=&#8221;custom&#8221; custom_background=&#8221;#f9c80e&#8221; custom_text=&#8221;#0b0b0b&#8221; shape=&#8221;square&#8221; align=&#8221;center&#8221; css=&#8221;&#8221; link=&#8221;url:https%3A%2F%2Fwww.lovenie.fr%2Fwp-content%2Fuploads%2F2026%2F01%2FCOMMUNIQUE-DE-PRESSE-Lovenie-Janvier-2026.docx|target:_blank|&#8221;][\/vc_column][\/vc_row][vc_row][vc_column][vc_column_text]<\/p>\n<h2 style=\"text-align: left;\">Les derni\u00e8res actus de Lovenie<\/h2>\n<p>[\/vc_column_text]<div class=\"column_filters\"><div class=\"blog_wrapper isotope_wrapper clearfix\"><div class=\"posts_group lm_wrapper col-3 masonry hide-more isotope\"><div class=\"post-item isotope-item clearfix post-1159 post type-post status-publish format-standard has-post-thumbnail hentry category-uncategorized\" ><div class=\"date_label\">November 17, 2022<\/div><div class=\"image_frame post-photo-wrapper scale-with-grid image\"><div class=\"image_wrapper\"><a href=\"https:\/\/www.lovenie.fr\/en\/development-of-partnerships\/\"><div class=\"mask\"><\/div><img loading=\"lazy\" decoding=\"async\" width=\"784\" height=\"524\" src=\"https:\/\/www.lovenie.fr\/wp-content\/uploads\/2022\/11\/Zoom-details.201.jpg\" class=\"scale-with-grid wp-post-image\" alt=\"\" srcset=\"https:\/\/www.lovenie.fr\/wp-content\/uploads\/2022\/11\/Zoom-details.201.jpg 784w, https:\/\/www.lovenie.fr\/wp-content\/uploads\/2022\/11\/Zoom-details.201-300x201.jpg 300w, https:\/\/www.lovenie.fr\/wp-content\/uploads\/2022\/11\/Zoom-details.201-768x513.jpg 768w, https:\/\/www.lovenie.fr\/wp-content\/uploads\/2022\/11\/Zoom-details.201-218x146.jpg 218w, https:\/\/www.lovenie.fr\/wp-content\/uploads\/2022\/11\/Zoom-details.201-50x33.jpg 50w, https:\/\/www.lovenie.fr\/wp-content\/uploads\/2022\/11\/Zoom-details.201-112x75.jpg 112w\" sizes=\"auto, (max-width: 784px) 100vw, 784px\" \/><\/a><div class=\"image_links double\"><a href=\"https:\/\/www.lovenie.fr\/wp-content\/uploads\/2022\/11\/Zoom-details.201.jpg\" class=\"zoom\" rel=\"prettyphoto\"><i class=\"icon-search\"><\/i><\/a><a href=\"https:\/\/www.lovenie.fr\/en\/development-of-partnerships\/\" class=\"link\"><i class=\"icon-link\"><\/i><\/a><\/div><\/div><\/div><div class=\"post-desc-wrapper\"><div class=\"post-desc\"><div class=\"post-head\"><div class=\"post-meta clearfix\"><div class=\"author-date\"><span class=\"vcard author post-author\"><span class=\"label\">Published by <\/span><i class=\"icon-user\"><\/i> <span class=\"fn\"><a href=\"https:\/\/www.lovenie.fr\/en\/\">david<\/a><\/span><\/span> <span class=\"date\"><span class=\"label\">on <\/span><i class=\"icon-clock\"><\/i> <span class=\"post-date updated\">November 17, 2022<\/span><\/span><\/div><div class=\"category\"><span class=\"cat-btn\">Categories <i class=\"icon-down-dir\"><\/i><\/span><div class=\"cat-wrapper\"><ul class=\"post-categories\">\n\t<li><a href=\"https:\/\/www.lovenie.fr\/en\/category\/uncategorized\/\" rel=\"category tag\">Uncategorized<\/a><\/li><\/ul><\/div><\/div><\/div><\/div><div class=\"post-title\"><h2 class=\"entry-title\" itemprop=\"headline\"><a href=\"https:\/\/www.lovenie.fr\/en\/development-of-partnerships\/\">Development of partnerships<\/a><\/h2><\/div><div class=\"post-excerpt\">Be the first to join an exceptional, exciting, overflowing with joy and completely innovative project. Introducing the Lovenie flying kart concept. By this letter, we propose<span class=\"excerpt-hellip\"> [\u2026]<\/span><\/div><div class=\"post-footer\"><div class=\"button-love\"><span class=\"love-text\">Do you like it?<\/span><a href=\"#\" class=\"mfn-love \" data-id=\"1159\"><span class=\"icons-wrapper\"><i class=\"icon-heart-empty-fa\"><\/i><i class=\"icon-heart-fa\"><\/i><\/span><span class=\"label\">1<\/span><\/a><\/div><div class=\"post-links\"><i class=\"icon-doc-text\"><\/i> <a href=\"https:\/\/www.lovenie.fr\/en\/development-of-partnerships\/\" class=\"post-more\">Read more<\/a><\/div><\/div><\/div><\/div><\/div><\/div><\/div>\n<\/div>\n[\/vc_column][\/vc_row][vc_row el_id=&#8221;contact&#8221;][vc_column][vc_column_text]<\/p>\n<h2 style=\"text-align: left;\">Envoyez-nous un message<\/h2>\n<p>[\/vc_column_text]\n<div class=\"wpcf7 no-js\" id=\"wpcf7-f305-o1\" lang=\"fr-FR\" dir=\"ltr\" data-wpcf7-id=\"305\">\n<div class=\"screen-reader-response\"><p role=\"status\" aria-live=\"polite\" aria-atomic=\"true\"><\/p> <ul><\/ul><\/div>\n<form action=\"\/en\/wp-json\/wp\/v2\/pages\/276#wpcf7-f305-o1\" method=\"post\" class=\"wpcf7-form init\" aria-label=\"Formulaire de contact\" novalidate=\"novalidate\" data-status=\"init\">\n<fieldset class=\"hidden-fields-container\"><input type=\"hidden\" name=\"_wpcf7\" value=\"305\" \/><input type=\"hidden\" name=\"_wpcf7_version\" value=\"6.1.5\" \/><input type=\"hidden\" name=\"_wpcf7_locale\" value=\"fr_FR\" \/><input type=\"hidden\" name=\"_wpcf7_unit_tag\" value=\"wpcf7-f305-o1\" \/><input type=\"hidden\" name=\"_wpcf7_container_post\" value=\"0\" \/><input type=\"hidden\" name=\"_wpcf7_posted_data_hash\" value=\"\" \/><input type=\"hidden\" name=\"_wpcf7_recaptcha_response\" value=\"\" \/>\n<\/fieldset>\n<div class=\"column one-second\">\n\t<p><span class=\"wpcf7-form-control-wrap\" data-name=\"your-name\"><input size=\"40\" maxlength=\"400\" class=\"wpcf7-form-control wpcf7-text wpcf7-validates-as-required\" aria-required=\"true\" aria-invalid=\"false\" placeholder=\"Nom *\" value=\"\" type=\"text\" name=\"your-name\" \/><\/span>\n\t<\/p>\n<\/div>\n<div class=\"column one-second\">\n\t<p><span class=\"wpcf7-form-control-wrap\" data-name=\"your-tel\"><input size=\"40\" maxlength=\"400\" class=\"wpcf7-form-control wpcf7-tel wpcf7-validates-as-required wpcf7-text wpcf7-validates-as-tel\" aria-required=\"true\" aria-invalid=\"false\" placeholder=\"T\u00e9l\u00e9phone *\" value=\"\" type=\"tel\" name=\"your-tel\" \/><\/span>\n\t<\/p>\n<\/div>\n<div class=\"column one-second\">\n\t<p><span class=\"wpcf7-form-control-wrap\" data-name=\"your-email\"><input size=\"40\" maxlength=\"400\" class=\"wpcf7-form-control wpcf7-email wpcf7-validates-as-required wpcf7-text wpcf7-validates-as-email\" aria-required=\"true\" aria-invalid=\"false\" placeholder=\"E-mail *\" value=\"\" type=\"email\" name=\"your-email\" \/><\/span>\n\t<\/p>\n<\/div>\n<div class=\"column one-second\">\n\t<p><span class=\"wpcf7-form-control-wrap\" data-name=\"your-subject\"><input size=\"40\" maxlength=\"400\" class=\"wpcf7-form-control wpcf7-text\" aria-invalid=\"false\" placeholder=\"Sujet\" value=\"\" type=\"text\" name=\"your-subject\" \/><\/span>\n\t<\/p>\n<\/div>\n<div class=\"column one\">\n\t<p><span class=\"wpcf7-form-control-wrap\" data-name=\"your-message\"><textarea cols=\"40\" rows=\"3\" maxlength=\"2000\" class=\"wpcf7-form-control wpcf7-textarea\" aria-invalid=\"false\" placeholder=\"Message\" name=\"your-message\"><\/textarea><\/span>\n\t<\/p>\n<\/div>\n<p><span class=\"wpcf7-form-control-wrap\" data-name=\"checkbox-68\"><span class=\"wpcf7-form-control wpcf7-checkbox wpcf7-validates-as-required\"><span class=\"wpcf7-list-item first last\"><input type=\"checkbox\" name=\"checkbox-68[]\" value=\"Oui, j&#039;accepte que les donn\u00e9es personnelles collect\u00e9es soient conserv\u00e9es pendant 2 ans dans le cadre de la mise en relation avec l&#039;entreprise pour acc\u00e9der aux prestations qu&#039;elle fournit\" \/><span class=\"wpcf7-list-item-label\">Oui, j&#039;accepte que les donn\u00e9es personnelles collect\u00e9es soient conserv\u00e9es pendant 2 ans dans le cadre de la mise en relation avec l&#039;entreprise pour acc\u00e9der aux prestations qu&#039;elle fournit<\/span><\/span><\/span><\/span>\n<\/p>\n<div class=\"column one aligncenter\">\n\t<p><input class=\"wpcf7-form-control wpcf7-submit has-spinner\" type=\"submit\" value=\"Envoyer\" \/>\n\t<\/p>\n<\/div><div class=\"wpcf7-response-output\" aria-hidden=\"true\"><\/div>\n<\/form>\n<\/div>\n[\/vc_column][\/vc_row]<\/p>\n<\/div>","protected":false},"excerpt":{"rendered":"<p>[vc_row full_width=&#8221;stretch_row&#8221; css=&#8221;.vc_custom_1698226757638{margin-top: 60px !important;}&#8221;][vc_column][vc_row_inner equal_height=&#8221;yes&#8221; content_placement=&#8221;middle&#8221;][vc_column_inner width=&#8221;1\/2&#8243;][vc_images_carousel images=&#8221;6995,6796,6772&#8243; img_size=&#8221;full&#8221; css=&#8221;&#8221;][\/vc_column_inner][vc_column_inner width=&#8221;1\/2&#8243;][vc_column_text css=&#8221;&#8221;] 2026, une ann\u00e9e de transformation pour Lovenie Chez Lovenie, 2026 marque un tournant<span class=\"excerpt-hellip\"> [\u2026]<\/span><\/p>\n","protected":false},"author":8,"featured_media":0,"parent":0,"menu_order":0,"comment_status":"closed","ping_status":"closed","template":"","meta":{"footnotes":""},"class_list":["post-276","page","type-page","status-publish","hentry"],"yoast_head":"<!-- This site is optimized with the Yoast SEO plugin v26.9 - https:\/\/yoast.com\/product\/yoast-seo-wordpress\/ -->\n<title>Accueil - Lovenie<\/title>\n<meta name=\"description\" content=\"Lovenie is an innovative concept of sports entertainment that allows you to take place in a flying karting and move through the air.\" \/>\n<meta name=\"robots\" content=\"index, follow, max-snippet:-1, max-image-preview:large, max-video-preview:-1\" \/>\n<link rel=\"canonical\" href=\"https:\/\/www.lovenie.fr\/\" \/>\n<meta property=\"og:locale\" content=\"en_US\" \/>\n<meta property=\"og:type\" content=\"article\" \/>\n<meta property=\"og:title\" content=\"Accueil - Lovenie\" \/>\n<meta property=\"og:description\" content=\"Lovenie is an innovative concept of sports entertainment that allows you to take place in a flying karting and move through the air.\" \/>\n<meta property=\"og:url\" content=\"https:\/\/www.lovenie.fr\/\" \/>\n<meta property=\"og:site_name\" content=\"Lovenie\" \/>\n<meta property=\"article:modified_time\" content=\"2026-01-22T15:53:03+00:00\" \/>\n<meta name=\"twitter:card\" content=\"summary_large_image\" \/>\n<meta name=\"twitter:label1\" content=\"Est. reading time\" \/>\n\t<meta name=\"twitter:data1\" content=\"6 minutes\" \/>\n<script type=\"application\/ld+json\" class=\"yoast-schema-graph\">{\"@context\":\"https:\/\/schema.org\",\"@graph\":[{\"@type\":\"WebPage\",\"@id\":\"https:\/\/www.lovenie.fr\/\",\"url\":\"https:\/\/www.lovenie.fr\/\",\"name\":\"Accueil - Lovenie\",\"isPartOf\":{\"@id\":\"https:\/\/www.lovenie.fr\/#website\"},\"datePublished\":\"2026-01-01T16:24:11+00:00\",\"dateModified\":\"2026-01-22T15:53:03+00:00\",\"description\":\"Lovenie is an innovative concept of sports entertainment that allows you to take place in a flying karting and move through the air.\",\"inLanguage\":\"en-US\",\"potentialAction\":[{\"@type\":\"ReadAction\",\"target\":[\"https:\/\/www.lovenie.fr\/\"]}]},{\"@type\":\"WebSite\",\"@id\":\"https:\/\/www.lovenie.fr\/#website\",\"url\":\"https:\/\/www.lovenie.fr\/\",\"name\":\"Lovenie\",\"description\":\"Live our dreams\",\"potentialAction\":[{\"@type\":\"SearchAction\",\"target\":{\"@type\":\"EntryPoint\",\"urlTemplate\":\"https:\/\/www.lovenie.fr\/?s={search_term_string}\"},\"query-input\":{\"@type\":\"PropertyValueSpecification\",\"valueRequired\":true,\"valueName\":\"search_term_string\"}}],\"inLanguage\":\"en-US\"}]}<\/script>\n<!-- \/ Yoast SEO plugin. -->","yoast_head_json":{"title":"Accueil - Lovenie","description":"Lovenie is an innovative concept of sports entertainment that allows you to take place in a flying karting and move through the air.","robots":{"index":"index","follow":"follow","max-snippet":"max-snippet:-1","max-image-preview":"max-image-preview:large","max-video-preview":"max-video-preview:-1"},"canonical":"https:\/\/www.lovenie.fr\/","og_locale":"en_US","og_type":"article","og_title":"Accueil - Lovenie","og_description":"Lovenie is an innovative concept of sports entertainment that allows you to take place in a flying karting and move through the air.","og_url":"https:\/\/www.lovenie.fr\/","og_site_name":"Lovenie","article_modified_time":"2026-01-22T15:53:03+00:00","twitter_card":"summary_large_image","twitter_misc":{"Est. reading time":"6 minutes"},"schema":{"@context":"https:\/\/schema.org","@graph":[{"@type":"WebPage","@id":"https:\/\/www.lovenie.fr\/","url":"https:\/\/www.lovenie.fr\/","name":"Accueil - Lovenie","isPartOf":{"@id":"https:\/\/www.lovenie.fr\/#website"},"datePublished":"2026-01-01T16:24:11+00:00","dateModified":"2026-01-22T15:53:03+00:00","description":"Lovenie is an innovative concept of sports entertainment that allows you to take place in a flying karting and move through the air.","inLanguage":"en-US","potentialAction":[{"@type":"ReadAction","target":["https:\/\/www.lovenie.fr\/"]}]},{"@type":"WebSite","@id":"https:\/\/www.lovenie.fr\/#website","url":"https:\/\/www.lovenie.fr\/","name":"Lovenie","description":"Live our dreams","potentialAction":[{"@type":"SearchAction","target":{"@type":"EntryPoint","urlTemplate":"https:\/\/www.lovenie.fr\/?s={search_term_string}"},"query-input":{"@type":"PropertyValueSpecification","valueRequired":true,"valueName":"search_term_string"}}],"inLanguage":"en-US"}]}},"_links":{"self":[{"href":"https:\/\/www.lovenie.fr\/en\/wp-json\/wp\/v2\/pages\/276","targetHints":{"allow":["GET"]}}],"collection":[{"href":"https:\/\/www.lovenie.fr\/en\/wp-json\/wp\/v2\/pages"}],"about":[{"href":"https:\/\/www.lovenie.fr\/en\/wp-json\/wp\/v2\/types\/page"}],"author":[{"embeddable":true,"href":"https:\/\/www.lovenie.fr\/en\/wp-json\/wp\/v2\/users\/8"}],"replies":[{"embeddable":true,"href":"https:\/\/www.lovenie.fr\/en\/wp-json\/wp\/v2\/comments?post=276"}],"version-history":[{"count":80,"href":"https:\/\/www.lovenie.fr\/en\/wp-json\/wp\/v2\/pages\/276\/revisions"}],"predecessor-version":[{"id":7084,"href":"https:\/\/www.lovenie.fr\/en\/wp-json\/wp\/v2\/pages\/276\/revisions\/7084"}],"wp:attachment":[{"href":"https:\/\/www.lovenie.fr\/en\/wp-json\/wp\/v2\/media?parent=276"}],"curies":[{"name":"wp","href":"https:\/\/api.w.org\/{rel}","templated":true}]}}